{"id":2,"date":"2007-10-09T22:33:44","date_gmt":"2007-10-09T20:33:44","guid":{"rendered":""},"modified":"2014-08-14T15:24:01","modified_gmt":"2014-08-14T13:24:01","slug":"about","status":"publish","type":"page","link":"https:\/\/www.studiowarsztat.pl\/www\/?page_id=2","title":{"rendered":"o nas\/about us"},"content":{"rendered":"<p>o nas \/ <em>about<\/em><\/p>\n<p>Studio<strong>warsztat<\/strong> to niezale\u017cna grupa architekt\u00f3w, grafik\u00f3w, projektant\u00f3w i programist\u00f3w. Dzia\u0142amy na tak wielu polach, poniewa\u017c wiemy, \u017ce ka\u017cdy temat, czy to projekt budynku, czy strony internetowej, czy broszury informacyjnej wymaga cz\u0119sto wielodziedzinowego opracowania.<\/p>\n<p>Nasze studio, dzi\u0119ki<!--more--><!--more--> szerokiej wiedzy z r\u00f3\u017cnych profesji pozwala nam na podejmowanie tak wszechstronnych zlece\u0144 i sp\u00f3jn\u0105 ich koordynacj\u0119 pocz\u0105wszy od koncepcji ko\u0144cz\u0105c na realizacji.<\/p>\n<p>Studio<strong>Warsztat<\/strong> funkcjonowa\u0142o jako nieformalna grupa projektowa ju\u017c od 2003 roku. W tym czasie startowali\u015bmy w wielu konkursach architektonicznych i urbanistycznych <a href=\"http:\/\/www.studiowarsztat.pl\/?page_id=46\">(lista nagr\u00f3d i wyr\u00f3\u017cnie\u0144)<\/a>, zdobywali\u015bmy praktyk\u0119 zawodow\u0105 w presti\u017cowych biurach architektonicznych, wyr\u00f3\u017cnianych nagrodami SARP, RIBA i RIAI w Poznaniu, Londynie i Belfa\u015bcie oraz realizowali\u015bmy autorskie projekty. W 2009 roku z uwagi na rosn\u0105c\u0105 liczb\u0119 w\u0142asnych zlece\u0144 postanowili\u015bmy rozpocz\u0105\u0107 oficjaln\u0105 dzia\u0142alno\u015b\u0107 studia<strong>Warsztat<\/strong>.<\/p>\n<p>Studio<strong>warsztat<\/strong> to tak na prawd\u0119 3 warsztaty: architektoniczny, graficzny, www.<\/p>\n<p>Rzemie\u015blnikami do Pa\u0144stwa us\u0142ug s\u0105 m.in. :<\/p>\n<p><img loading=\"lazy\" decoding=\"async\" class=\"size-full wp-image-540 alignleft\" style=\"margin-left: 0px; margin-right: 10px;\" title=\"mmmmmiko\u0142aj\" alt=\"\" src=\"http:\/\/www.studiowarsztat.pl\/www\/wp-content\/uploads\/2007\/10\/mmm.jpg\" width=\"99\" height=\"132\" \/><\/p>\n<p><strong>architekt IARP Miko\u0142aj Wower<\/strong> (nr upr. WP-OIA \/OKK\/ UpB\/ 10 \/2009)<br \/>\n2000-2001 studia na wydziale Budownictwa L\u0105dowego na Politechnice Pozna\u0144skiej<br \/>\n2004-2005 studia r\u00f3wnoleg\u0142e na wydziale Architektury Wn\u0119trz i Wzornictwa na Akademii Sztuk Pi\u0119knych w Poznaniu<br \/>\n2006 dyplom na wydziale Architektury Politechniki Pozna\u0144skiej<br \/>\n2006-2008 praca w zespole biura architektonicznego <a href=\"http:\/\/www.consarc-design.co.uk\/\">Consarc Design Group<\/a> w Belfa\u015bcie (Wielka Brytania) mi\u0119dzy innymi nad projektami: hotelu Jurys Inn Brighton, hotelu Clontarf Castle, hotelu Staybridge Suites Liverpool, hotelu Dublin Airport Crowne Plaza; oraz Titanic Maritime Museum (muzeum Tytanika, centrum konferencyjne, edukacyjne, pi\u0119ciogwiazdkowy hotel)<br \/>\n2009 uzyskanie uprawnie\u0144 budowlanych do projektowania bez ogranicze\u0144 w specjalno\u015bci architektonicznej<br \/>\n2009 &#8211; ? \u00a0za\u0142o\u017cenie wraz z Urszul\u0105 Kijek studia<strong>Warsztat<\/strong><br \/>\n2011 &#8211; ? prowadzenie zaj\u0119\u0107 na studiach podyplomowych: Aran\u017caca Wn\u0119trz w Wy\u017cszej Szkole Nauk Humanistycznych i Dziennikarstwa w Poznaniu.<br \/>\n2011 &#8211; ?\u00a0prowadzenie zaj\u0119\u0107 na studiach podyplomowych: Aran\u017caca Wn\u0119trz w\u00a0Szkole Wy\u017cszej Psychologii Spo\u0142ecznej (Wydzia\u0142 Zamiejscowy w Poznaniu)<\/p>\n<p>&nbsp;<\/p>\n<p><img loading=\"lazy\" decoding=\"async\" class=\"alignleft size-full wp-image-539\" style=\"margin-left: 0px; margin-right: 10px;\" title=\"uuulala\" alt=\"\" src=\"http:\/\/www.studiowarsztat.pl\/www\/wp-content\/uploads\/2007\/10\/uuu.jpg\" width=\"99\" height=\"148\" \/><\/p>\n<p><strong>architekt Urszula Kijek<\/strong><br \/>\n2005-2006 studia na Avans University, Academy of Built Environment, Tilburg, Holandia<br \/>\n2006 dyplom na wydziale Architektury Politechniki Pozna\u0144skiej<br \/>\n2006-2007 praca w zespole pracowni autorskiej <a href=\"http:\/\/www.gurawski.com\/\">ARPA Jerzego Gurawskiego<\/a> w Poznaniu<br \/>\n2007-2009 praca w zespole biura architektonicznego <a href=\"http:\/\/www.sidellgibson.co.uk\/\">Sidell Gibson Architects<\/a> w Londynie<br \/>\n2009 za\u0142o\u017cenie wraz z Miko\u0142ajem Wowerem studia<strong>Warsztat<\/strong><\/p>\n<p>&nbsp;<\/p>\n<p>&nbsp;<\/p>\n<p><strong>Wsp\u00f3\u0142praca:<\/strong><\/p>\n<p><strong>architekt Piotr Ewiak<\/strong><\/p>\n<p><strong>studentka architektury Joanna Kowalik<\/strong><\/p>\n<p><strong>grafik, projektant\u00a0 Ziemowit Maj<\/strong><\/p>\n<p><strong>g<\/strong><strong>rafik, programista Andrzej Wower<\/strong><\/p>\n<p>________________________________________________________________________<br \/>\n<em><br \/>\n<\/em><br \/>\n<em><br \/>\n<\/em><br \/>\n<em>The<strong> workshop<\/strong>studio is an independent group of architects, designers, graphic designers and programmers. We work on so many fields because we know that any project: big or small, desingn of a building, brochure or web site often demads a multidisciplinary studies and a team.<\/em><\/p>\n<p><em>Our studio, thanks to the wide knowledge of\u00a0 different fields, allows us to take up very versalite projects and its coherent coordination begining on a concept and finishing on an execution.<br \/>\n<\/em><\/p>\n<p><em>The<strong> workshop<\/strong>studio is divided into 3 workshops: 'architectural&#8217;, 'graphic&#8217; &amp; 'www&#8217;<\/em><\/p>\n<p><em><br \/>\n<\/em><\/p>\n<p><em>The craftsmans are:<\/em><\/p>\n<p>architect IARP Miko\u0142aj Wower (reg. no:\u00a0WP-OIA \/OKK\/ UpB\/ 10 \/2009)<\/p>\n<p>architect Urszula Kijek<\/p>\n<p>architect Piotr Ewiak<\/p>\n<p>architecture student Joanna Kowalik<\/p>\n<p>graphic designer\u00a0 Ziemowit Maj<\/p>\n<p>graphic designer, programmer Andrzej Wower<\/p>\n","protected":false},"excerpt":{"rendered":"<p>o nas \/ about Studiowarsztat to niezale\u017cna grupa architekt\u00f3w, grafik\u00f3w, projektant\u00f3w i programist\u00f3w. Dzia\u0142amy na tak wielu polach, poniewa\u017c wiemy, \u017ce ka\u017cdy temat, czy to projekt budynku, czy strony internetowej, czy broszury informacyjnej wymaga cz\u0119sto wielodziedzinowego opracowania. Nasze studio, dzi\u0119ki<\/p>\n","protected":false},"author":1,"featured_media":0,"parent":0,"menu_order":1,"comment_status":"closed","ping_status":"closed","template":"","meta":{"footnotes":""},"class_list":["post-2","page","type-page","status-publish","hentry"],"jetpack_shortlink":"https:\/\/wp.me\/PA0MW-2","jetpack_sharing_enabled":true,"_links":{"self":[{"href":"https:\/\/www.studiowarsztat.pl\/www\/index.php?rest_route=\/wp\/v2\/pages\/2","targetHints":{"allow":["GET"]}}],"collection":[{"href":"https:\/\/www.studiowarsztat.pl\/www\/index.php?rest_route=\/wp\/v2\/pages"}],"about":[{"href":"https:\/\/www.studiowarsztat.pl\/www\/index.php?rest_route=\/wp\/v2\/types\/page"}],"author":[{"embeddable":true,"href":"https:\/\/www.studiowarsztat.pl\/www\/index.php?rest_route=\/wp\/v2\/users\/1"}],"replies":[{"embeddable":true,"href":"https:\/\/www.studiowarsztat.pl\/www\/index.php?rest_route=%2Fwp%2Fv2%2Fcomments&post=2"}],"version-history":[{"count":36,"href":"https:\/\/www.studiowarsztat.pl\/www\/index.php?rest_route=\/wp\/v2\/pages\/2\/revisions"}],"predecessor-version":[{"id":760,"href":"https:\/\/www.studiowarsztat.pl\/www\/index.php?rest_route=\/wp\/v2\/pages\/2\/revisions\/760"}],"wp:attachment":[{"href":"https:\/\/www.studiowarsztat.pl\/www\/index.php?rest_route=%2Fwp%2Fv2%2Fmedia&parent=2"}],"curies":[{"name":"wp","href":"https:\/\/api.w.org\/{rel}","templated":true}]}}