{"id":45,"date":"2009-07-11T12:14:29","date_gmt":"2009-07-11T10:14:29","guid":{"rendered":"http:\/\/www.kontenery.wower.cad.pl\/?page_id=45"},"modified":"2020-07-21T00:00:07","modified_gmt":"2020-07-20T22:00:07","slug":"kontakt","status":"publish","type":"page","link":"https:\/\/www.studiowarsztat.pl\/www\/?page_id=45","title":{"rendered":"kontakt\/contact"},"content":{"rendered":"<p>studio<strong>warsztat<\/strong> \/ <em>the <strong>workshop<\/strong>studio<\/em><\/p>\n<p><iframe loading=\"lazy\" style=\"border: 0;\" tabindex=\"0\" src=\"https:\/\/www.google.com\/maps\/embed?pb=!1m18!1m12!1m3!1d2434.9985568865504!2d16.93961791585917!3d52.38857647978954!2m3!1f0!2f0!3f0!3m2!1i1024!2i768!4f13.1!3m3!1m2!1s0x47045b1c578a5bb1%3A0xd377b4545c57c07e!2sstudioWarsztat!5e0!3m2!1spl!2spl!4v1595195685426!5m2!1spl!2spl\" width=\"500\" height=\"400\" frameborder=\"0\" allowfullscreen=\"allowfullscreen\" aria-hidden=\"false\"><\/iframe><\/p>\n<p><span style=\"text-decoration: underline;\">pracownia\/workshop studio<\/span><br \/>\nos. Piastowskie 98\/80 (9 pi\u0119tro)<br \/>\n61-163 Pozna\u0144<br \/>\ntel. &nbsp;+48 61 666 0320<br \/>\ntel. kom. +48 502 481 911<br \/>\nfax. +48 61 666 0320<br \/>\n<a href=\"http:\/\/www.studiowarsztat.pl\">www.studiowarsztat.pl<\/a><br \/>\n<a href=\"mailto:info@studiowarsztat.pl\">info@studiowarsztat.pl<\/a><\/p>\n<p><span style=\"text-decoration: underline;\">&nbsp;siedziba\/headquarters<\/span><br \/>\nul. Grochowska 98\/3<br \/>\n60-335 Pozna\u0144, Polska<br \/>\nNIP: 779 225 2487<\/p>\n\n\n<!-- Fast Secure Contact Form plugin 4.0.41 - begin - FastSecureContactForm.com -->\r\n<div style=\"clear:both;\"><\/div>\nSkontaktuj si\u0119 z nami, postaramy si\u0119 odpowiedzie\u0107 na Twoje pytania!\r\n<div id=\"FSContact1\" style=\"width:99%; max-width:555px;\">\r\n<form action=\"https:\/\/www.studiowarsztat.pl\/www\/index.php?rest_route=%2Fwp%2Fv2%2Fpages%2F45\" id=\"fscf_form1\" method=\"post\">\r\n\n<div id=\"fscf_div_clear1_0\" style=\"clear:both;\">\n  <div id=\"fscf_div_field1_0\" style=\"clear:left; float:left; width:99%; max-width:550px; margin-right:10px;\">\r\n    <div style=\"text-align:left; padding-top:5px;\">\n      <label style=\"text-align:left;\" for=\"fscf_name1\">Imi\u0119 i Nazwisko:<\/label>\n    <\/div>\r\n    <div style=\"text-align:left;\">\r\n      <input style=\"text-align:left; margin:0; width:99%; max-width:250px;\" type=\"text\" id=\"fscf_name1\" name=\"full_name\" value=\"\"  \/>\r\n    <\/div>\r\n  <\/div>\n<\/div>\n\n<div id=\"fscf_div_clear1_1\" style=\"clear:both;\">\n  <div id=\"fscf_div_field1_1\" style=\"clear:left; float:left; width:99%; max-width:550px; margin-right:10px;\">\n    <div style=\"text-align:left; padding-top:5px;\">\n      <label style=\"text-align:left;\" for=\"fscf_email1\">Adres e-mail<\/label>\n    <\/div>\n    <div style=\"text-align:left;\">\n      <input style=\"text-align:left; margin:0; width:99%; max-width:250px;\" type=\"text\" id=\"fscf_email1\" name=\"email\" value=\"\"  \/>\n    <\/div>\n  <\/div>\n<\/div>\n\n<div id=\"fscf_div_clear1_2\" style=\"clear:both;\">\n  <div id=\"fscf_div_field1_2\" style=\"clear:left; float:left; width:99%; max-width:550px; margin-right:10px;\">\n    <div style=\"text-align:left; padding-top:5px;\">\n      <label style=\"text-align:left;\" for=\"fscf_field1_2\">Temat<\/label>\n    <\/div>\n    <div style=\"text-align:left;\">\n      <input style=\"text-align:left; margin:0; width:99%; max-width:250px;\" type=\"text\" id=\"fscf_field1_2\" name=\"subject\" value=\"\"  \/>\n    <\/div>\n  <\/div>\n<\/div>\n\n<div id=\"fscf_div_clear1_3\" style=\"clear:both;\">\n  <div id=\"fscf_div_field1_3\" style=\"clear:left; float:left; width:99%; max-width:550px; margin-right:10px;\">\n    <div style=\"text-align:left; padding-top:5px;\">\n      <label style=\"text-align:left;\" for=\"fscf_field1_3\">Wiadomo\u015b\u0107<\/label>\n    <\/div>\n    <div style=\"text-align:left;\">\n      <textarea style=\"text-align:left; margin:0; width:99%; max-width:250px; height:120px;\" id=\"fscf_field1_3\" name=\"message\" cols=\"30\" rows=\"10\" ><\/textarea>\n    <\/div>\n  <\/div>\n<\/div>\r\n<div style=\"clear:both;\"><\/div>\n\n<div id=\"fscf_submit_div1\" style=\"text-align:left; clear:both; padding-top:15px;\">\r\n\t\t<input type=\"submit\" id=\"fscf_submit1\" style=\"cursor:pointer; margin:0;\" value=\"Prze\u015blij\" \/> \n<\/div>\n\n<input type=\"hidden\" name=\"fscf_submitted\" value=\"0\" \/>\n<input type=\"hidden\" name=\"fs_postonce_1\" value=\"e5749e9ab0a1019073059f16f228bc2b,1776496295\" \/>\n<input type=\"hidden\" name=\"si_contact_action\" value=\"send\" \/>\n<input type=\"hidden\" name=\"form_id\" value=\"1\" \/>\n<input type=\"hidden\" name=\"mailto_id\" value=\"1\" \/>\n\n<\/form>\n<\/div>\r\n<div style=\"clear:both;\"><\/div>\n\n<!-- Fast Secure Contact Form plugin 4.0.41 - end - FastSecureContactForm.com -->\n\n","protected":false},"excerpt":{"rendered":"<p>studiowarsztat \/ the workshopstudio pracownia\/workshop studio os. Piastowskie 98\/80 (9 pi\u0119tro) 61-163 Pozna\u0144 tel. &nbsp;+48 61 666 0320 tel. kom. +48 502 481 911 fax. +48 61 666 0320 www.studiowarsztat.pl info@studiowarsztat.pl &nbsp;siedziba\/headquarters ul. Grochowska 98\/3 60-335 Pozna\u0144, Polska NIP: 779 225 2487<\/p>\n","protected":false},"author":1,"featured_media":0,"parent":0,"menu_order":4,"comment_status":"closed","ping_status":"closed","template":"","meta":{"footnotes":""},"class_list":["post-45","page","type-page","status-publish","hentry"],"jetpack_shortlink":"https:\/\/wp.me\/PA0MW-J","jetpack_sharing_enabled":true,"_links":{"self":[{"href":"https:\/\/www.studiowarsztat.pl\/www\/index.php?rest_route=\/wp\/v2\/pages\/45","targetHints":{"allow":["GET"]}}],"collection":[{"href":"https:\/\/www.studiowarsztat.pl\/www\/index.php?rest_route=\/wp\/v2\/pages"}],"about":[{"href":"https:\/\/www.studiowarsztat.pl\/www\/index.php?rest_route=\/wp\/v2\/types\/page"}],"author":[{"embeddable":true,"href":"https:\/\/www.studiowarsztat.pl\/www\/index.php?rest_route=\/wp\/v2\/users\/1"}],"replies":[{"embeddable":true,"href":"https:\/\/www.studiowarsztat.pl\/www\/index.php?rest_route=%2Fwp%2Fv2%2Fcomments&post=45"}],"version-history":[{"count":62,"href":"https:\/\/www.studiowarsztat.pl\/www\/index.php?rest_route=\/wp\/v2\/pages\/45\/revisions"}],"predecessor-version":[{"id":1154,"href":"https:\/\/www.studiowarsztat.pl\/www\/index.php?rest_route=\/wp\/v2\/pages\/45\/revisions\/1154"}],"wp:attachment":[{"href":"https:\/\/www.studiowarsztat.pl\/www\/index.php?rest_route=%2Fwp%2Fv2%2Fmedia&parent=45"}],"curies":[{"name":"wp","href":"https:\/\/api.w.org\/{rel}","templated":true}]}}