{"id":46,"date":"2009-07-11T12:18:23","date_gmt":"2009-07-11T10:18:23","guid":{"rendered":"http:\/\/www.kontenery.wower.cad.pl\/?page_id=46"},"modified":"2025-12-02T00:53:51","modified_gmt":"2025-12-01T22:53:51","slug":"nagrody-i-wyroznienia","status":"publish","type":"page","link":"https:\/\/www.studiowarsztat.pl\/www\/?page_id=46","title":{"rendered":"nagrody\/awards"},"content":{"rendered":"<p>nagrody i wyr\u00f3\u017cnienia:<\/p>\n<p>2019, <strong>II nagroda<\/strong> w konkursie na opracowanie koncepcji architektoniczno &#8211; urbanistycznej budynku szatniowo &#8211; socjalnego z zadaszon\u0105 trybun\u0105 i zagospodarowaniem terenu w miejscowo\u015bci Mrocze\u0144.<br \/>\n2018,\u00a0<strong>wyr\u00f3\u017cnienie<\/strong>\u00a0w konkursie\u00a0na opracowanie koncepcji architektoniczno-urbanistycznej rozbudowy\u00a0Wielkopolskiego Centrum Onkologii o budynek ambulatoryjny z gara\u017cem podziemnym, w kierunku ulicy Strzeleckiej w Poznaniu<br \/>\n2017, <strong>II nagroda<\/strong> w konkursie na opracowanie koncpecji zagospodarowania Ogr\u00f3dka Jordanowskiego w Mi\u0119dzychodzie<br \/>\n2016,\u00a0<strong>II nagroda<\/strong> w konkursie\u00a0na wykonanie koncepcji architektoniczno-urbanistycznej budynku przedszkola samorz\u0105dowego zlokalizowanego w Ostrowie Wielkopolskim w rejonie ulicy Kujawskiej<br \/>\n2016, <strong>I nagroda<\/strong> w konkursie na opracowanie koncepcji zagospodarowania Kwatery I Za\u0142o\u017cenia Pa\u0142acowo-Parkowego w Jarocinie na cele rekreacyjno-kulturlane wraz z amfiteatrem<br \/>\n2015, <strong>II nagroda<\/strong> w konkursie na opracowanie koncepcji architektoniczno-urbanistycznej budowy kompleksu obiekt\u00f3w sportowych przy Centrum Edukacji Zawodowej i Turystyki oraz rozbudowy budynku szko\u0142y w \u015awinouj\u015bciu.<br \/>\n2015, <strong>I nagroda<\/strong> w konkursie na opracowanie koncepcji architektoniczno-urbanistycznej budowy przedszkola samorz\u0105dowego w miejscowo\u015bci Mrocze\u0144, gmina Baran\u00f3w<br \/>\n2015, <strong>II nagroda<\/strong> w konkursie na opracowanie koncepcji architektoniczno-urbanistycznej przebudowy budynk\u00f3w istniej\u0105cych i rozbudowy budynk\u00f3w Zespo\u0142u Szk\u00f3\u0142 Transportowo-Elektrycznych Centrum Kszta\u0142cenia Ustawicznego celem utworzenia Centrum Kszta\u0142cenia Praktycznego w Ostrowie Wielkopolskim.<br \/>\n2014,\u00a0<strong>I nagroda<\/strong>\u00a0w\u00a0konkursie na opracowanie koncepcji hali sportowej przy SP9 w Ostrowie Wielkopolskim<br \/>\n2014,\u00a0<strong>I nagroda<\/strong>\u00a0w\u00a0konkursie na opracowanie koncepcji przedszkola integracyjnego w Ostrowie Wielkopolskim<br \/>\n2012, <strong>I nagroda<\/strong> w\u00a0konkursie na opracowanie koncepcji sali gimnastycznej w technologii pasywnej i energooszcz\u0119dnej wraz z infrastruktur\u0105 towarzysz\u0105c\u0105 przy Zespole Szk\u00f3\u0142 Technicznych w Turku.<br \/>\n2011, <strong>wyr\u00f3\u017cnienie<\/strong> w konkursie na opracowanie urbanistyczno &#8211; architektonicznego projektu osiedla mieszkaniowego na ul. Karpiej w Poznaniu.<br \/>\n2010, <strong>III nagroda<\/strong> w konkursie na opracowanie koncepcji urbanistyczno-architektonicznej Ostrowieckiego Browaru Kultury w Ostrowcu \u015awi\u0119tokrzyskim.<br \/>\n2009, <strong>wyr\u00f3\u017cnienie honorowe<\/strong> w konkursie na zagospodarowanie terenu w rejonie ulicy \u015awit, Grochowska i Bukowska w Poznaniu<br \/>\n2009, <strong>II nagroda<\/strong> w konkursie na opracowanie urbanistyczno &#8211; architektonicznego projektu koncepcyjnego rejonu mi\u0119dzy ulicami: Szypersk\u0105, Estkowskiego, Garbarami i Piaskow\u0105 w Poznaniu<br \/>\n2007, zakwalifikowany do <a href=\"http:\/\/www.designboom.com\/contest\/winner.php?contest_pk=14\"><strong>finalist\u00f3w<\/strong><\/a> konkursu \u0102\u02d8\u00c2?\u00c2\u017ethe radical radiators of the future? organizowanego przez Design Boom (&#8222;pleasure bed&#8221;)<br \/>\n2005,<strong> honorowe wyr\u00f3\u017cnienie<\/strong> w konkursie na zagospodarowanie Chwaliszewa i starego koryta Warty w Poznaniu zorganizowanym przez miasto Pozna\u0144<br \/>\n2005, zakwalifikowany do <a href=\"http:\/\/www.designboom.com\/contest\/winner.php?contest_pk=5\"><strong>finalist\u00f3w <\/strong><\/a>konkursu &#8222;Beck`s outlet&#8221; organizowanego przez Design Boom\u00a0 (?beck cave?)<br \/>\n2004, <strong>II miejsce<\/strong> (I nie przyznano) w konkursie na zagospodarowanie rynku w Bornym Sulinowie<br \/>\n2004, <strong>I miejsce<\/strong> w konkursie ?Light of tomorrow? organizowanym przez firm\u0119 Velux. (The caleidoscope wall), (etap na macierzystej uczelni)<br \/>\n2004, <strong>II miejsce<\/strong> w konkursie ?Light of tomorrow? organizowanym przez firm\u0119 Velux. (The daylight stream system), (etap na macierzystej uczelni)<br \/>\n2004, <a href=\"http:\/\/www.artefe.pl\/konkurs.htm\"><strong>wyr\u00f3\u017cnienie<\/strong> <\/a>w konkursie organizowanym przez firm\u0119 artefe &#8222;Zaprojektuj dla Nas to Co\u015b &#8221;<br \/>\n2004, <strong>wyr\u00f3\u017cnienie<\/strong> w konkursie im. Czarneckiego na najlepsz\u0105 prac\u0119 semestraln\u0105. (?Stara cegielnia?)<br \/>\n2003, <strong>wyr\u00f3\u017cnienie<\/strong> w konkursie im. Czarneckiego na najlepsz\u0105 prac\u0119 semestraln\u0105. (?Berdychowo &#8211; koncepcja zagospodarowania?)<\/p>\n<p>________________________________________________________________________<br \/>\n<em><br \/>\n<\/em><\/p>\n<p><em>awards &amp; mentions:<\/em><\/p>\n<p>2018, <strong>honorable\u00a0mention<\/strong> in a concept competition 'extension of WCO hospital in Poznan (ambulatory building)&#8217;<br \/>\n2017, <strong>2nd prize<\/strong> in a concept competition 'site plan of open air children&#8217;s playground&#8217;\u00a0in Mi\u0119dzych\u00f3d<br \/>\n2016, <strong>2nd\u00a0prize<\/strong> in a concept competition 'Kindergarten in Ostrow Wielkopolski near Kujawska street&#8217;<br \/>\n2016,\u00a0<strong>1st prize<\/strong> in a concept competition 'site plan of a part of the city park with green amphitheater in Jarocin&#8217;<br \/>\n2015, <strong>2nd prize<\/strong> in a concept competition 'complex of sports facilities at the Centre for Vocational Education and Tourism and the extension of the school building in \u015awinouj\u015bcie&#8217;.<br \/>\n2015, <strong>1st prize<\/strong> in a concept competition 'Kindergarten in Mrocze\u0144&#8217;<br \/>\n2015, <strong>2nd prize<\/strong> in a concept competition 'Practical Training Centre in Ostrow Wielkopolski&#8217;.<br \/>\n2014,\u00a0<strong>1st\u00a0prize<\/strong>\u00a0in a concept competition 'Sports Hall in Ostrow Wielkopolski&#8217;.<br \/>\n2014,\u00a0<strong>1st\u00a0prize<\/strong>\u00a0in a concept competition 'Inclusive Kindergarten\u00a0in Ostrow Wielkopolski&#8217;.<br \/>\n2012, <strong>1st\u00a0prize<\/strong>\u00a0in a concept competition 'passive gim building for Zesp\u00f3\u0142 Szk\u00f3\u0142 Technicznych in Turek&#8217;<br \/>\n2011, <strong>mention<\/strong> in a competition for 'architectural &amp; urban project of housing estate on Karpia street in Poznan&#8217;.<br \/>\n2010, <strong>3rd prize<\/strong> in 'architectural and urban studies concept project of Ostrowiecki Browar Kultury in Ostrowiec \u015awi\u0119tokrzyski&#8217;.<br \/>\n2009, <strong>honorable mention<\/strong> in arrangment plan between \u015awit, Grochowska and Bukowska street in Poznan competition<br \/>\n2009, <strong>2nd prize<\/strong> in 'architectural and urban studies concept project of Szyperska, Estkowskiego, Garbary and Piaskowa streets area in Pozna\u0144&#8217;.<br \/>\n2007, <a href=\"http:\/\/www.designboom.com\/contest\/winner.php?contest_pk=14\" target=\"_blank\" rel=\"noopener\"><strong>honorable mention<\/strong> <\/a>in 'the radical radiators of the future&#8217;\u00a0 competition organized by designboom.com\u00a0 (&#8217;pleasure bed&#8217;)<br \/>\n2005, <strong>honorable mention<\/strong> in 'concept of development Chwaliszewo district&#8217; competition organized by Pozna\u0144 city<br \/>\n2005, <a href=\"http:\/\/www.designboom.com\/contest\/winner.php?contest_pk=5 \"><strong>honorable mention<\/strong> <\/a>in &#8222;Beck`s outlet&#8221; competition organized by designboom.com\u00a0 (?beck cave?)<br \/>\n2004, <strong>2nd prize<\/strong> in a competition for ?architectural and urban concept of development of the town square? organized by the town of Borne Sulinowo<br \/>\n2004,<strong> Ist prize<\/strong> in ?Light of tomorrow? competition organized by Velux company. (The caleidoscope wall), (Technical University of Poznan stage)<br \/>\n2004, <strong>IInd prize<\/strong> in ?Light of tomorrow? competition organized by Velux company. (The daylight stream system), (Technical University of Poznan stage)<br \/>\n2004, <a href=\"http:\/\/www.artefe.pl\/konkurs.htm\"><strong>mention<\/strong> <\/a>in &#8222;Design This Sometching for Us&#8221; competition organized by artefe company<br \/>\n2004, <strong>mention<\/strong> in Czarnecki competition for the best semestrial work. (?Old brick-yard?)<br \/>\n2003, <strong>mention<\/strong> in Czarnecki competition for the best semestrial work. (?Berdychowo? developing plan of Berdychowo district?)<\/p>\n","protected":false},"excerpt":{"rendered":"<p>nagrody i wyr\u00f3\u017cnienia: 2019, II nagroda w konkursie na opracowanie koncepcji architektoniczno &#8211; urbanistycznej budynku szatniowo &#8211; socjalnego z zadaszon\u0105 trybun\u0105 i zagospodarowaniem terenu w miejscowo\u015bci Mrocze\u0144. 2018,\u00a0wyr\u00f3\u017cnienie\u00a0w konkursie\u00a0na opracowanie koncepcji architektoniczno-urbanistycznej rozbudowy\u00a0Wielkopolskiego Centrum Onkologii o budynek ambulatoryjny z gara\u017cem podziemnym, w kierunku ulicy Strzeleckiej w Poznaniu 2017, II nagroda w konkursie na opracowanie koncpecji [&hellip;]<\/p>\n","protected":false},"author":1,"featured_media":0,"parent":0,"menu_order":2,"comment_status":"closed","ping_status":"closed","template":"","meta":{"footnotes":""},"class_list":["post-46","page","type-page","status-publish","hentry"],"jetpack_shortlink":"https:\/\/wp.me\/PA0MW-K","jetpack_sharing_enabled":true,"_links":{"self":[{"href":"https:\/\/www.studiowarsztat.pl\/www\/index.php?rest_route=\/wp\/v2\/pages\/46","targetHints":{"allow":["GET"]}}],"collection":[{"href":"https:\/\/www.studiowarsztat.pl\/www\/index.php?rest_route=\/wp\/v2\/pages"}],"about":[{"href":"https:\/\/www.studiowarsztat.pl\/www\/index.php?rest_route=\/wp\/v2\/types\/page"}],"author":[{"embeddable":true,"href":"https:\/\/www.studiowarsztat.pl\/www\/index.php?rest_route=\/wp\/v2\/users\/1"}],"replies":[{"embeddable":true,"href":"https:\/\/www.studiowarsztat.pl\/www\/index.php?rest_route=%2Fwp%2Fv2%2Fcomments&post=46"}],"version-history":[{"count":38,"href":"https:\/\/www.studiowarsztat.pl\/www\/index.php?rest_route=\/wp\/v2\/pages\/46\/revisions"}],"predecessor-version":[{"id":1224,"href":"https:\/\/www.studiowarsztat.pl\/www\/index.php?rest_route=\/wp\/v2\/pages\/46\/revisions\/1224"}],"wp:attachment":[{"href":"https:\/\/www.studiowarsztat.pl\/www\/index.php?rest_route=%2Fwp%2Fv2%2Fmedia&parent=46"}],"curies":[{"name":"wp","href":"https:\/\/api.w.org\/{rel}","templated":true}]}}